{"id":3464,"date":"2025-08-23T10:49:56","date_gmt":"2025-08-23T10:49:56","guid":{"rendered":"https:\/\/gamedevday.hu\/?page_id=3464"},"modified":"2025-09-24T17:48:05","modified_gmt":"2025-09-24T17:48:05","slug":"sponsors-2","status":"publish","type":"page","link":"https:\/\/gamedevday.hu\/en\/sponsors-2\/","title":{"rendered":"Our Sponsors"},"content":{"rendered":"\t\t<div data-elementor-type=\"wp-post\" data-elementor-id=\"3464\" class=\"elementor elementor-3464\" data-elementor-post-type=\"page\">\n\t\t\t\t<div class=\"elementor-element elementor-element-4187d3a e-flex e-con-boxed e-con e-parent\" data-id=\"4187d3a\" data-element_type=\"container\" data-e-type=\"container\" data-settings=\"{&quot;background_background&quot;:&quot;classic&quot;}\">\n\t\t\t\t\t<div class=\"e-con-inner\">\n\t\t\t\t<div class=\"elementor-element elementor-element-62412a7 elementor-widget elementor-widget-heading\" data-id=\"62412a7\" data-element_type=\"widget\" data-e-type=\"widget\" data-settings=\"{&quot;ekit_we_effect_on&quot;:&quot;none&quot;}\" data-widget_type=\"heading.default\">\n\t\t\t\t\t<h2 class=\"elementor-heading-title elementor-size-default\">T\u00c1MOGAT\u00d3INK<\/h2>\t\t\t\t<\/div>\n\t\t\t\t\t<\/div>\n\t\t\t\t<\/div>\n\t\t<div class=\"elementor-element elementor-element-f09e931 e-flex e-con-boxed e-con e-parent\" data-id=\"f09e931\" data-element_type=\"container\" data-e-type=\"container\">\n\t\t\t\t\t<div class=\"e-con-inner\">\n\t\t<div class=\"elementor-element elementor-element-d21a520 e-con-full e-flex e-con e-child\" data-id=\"d21a520\" data-element_type=\"container\" data-e-type=\"container\">\n\t\t\t\t<div class=\"elementor-element elementor-element-985e880 elementor-hidden-mobile elementor-view-default elementor-widget elementor-widget-icon\" data-id=\"985e880\" data-element_type=\"widget\" data-e-type=\"widget\" data-settings=\"{&quot;ekit_we_effect_on&quot;:&quot;none&quot;}\" data-widget_type=\"icon.default\">\n\t\t\t\t\t\t\t<div class=\"elementor-icon-wrapper\">\n\t\t\t<div class=\"elementor-icon\">\n\t\t\t<svg aria-hidden=\"true\" class=\"e-font-icon-svg e-fas-heartbeat\" viewBox=\"0 0 512 512\" xmlns=\"http:\/\/www.w3.org\/2000\/svg\"><path d=\"M320.2 243.8l-49.7 99.4c-6 12.1-23.4 11.7-28.9-.6l-56.9-126.3-30 71.7H60.6l182.5 186.5c7.1 7.3 18.6 7.3 25.7 0L451.4 288H342.3l-22.1-44.2zM473.7 73.9l-2.4-2.5c-51.5-52.6-135.8-52.6-187.4 0L256 100l-27.9-28.5c-51.5-52.7-135.9-52.7-187.4 0l-2.4 2.4C-10.4 123.7-12.5 203 31 256h102.4l35.9-86.2c5.4-12.9 23.6-13.2 29.4-.4l58.2 129.3 49-97.9c5.9-11.8 22.7-11.8 28.6 0l27.6 55.2H481c43.5-53 41.4-132.3-7.3-182.1z\"><\/path><\/svg>\t\t\t<\/div>\n\t\t<\/div>\n\t\t\t\t\t\t<\/div>\n\t\t\t\t<\/div>\n\t\t<div class=\"elementor-element elementor-element-ba4913e e-con-full e-flex e-con e-child\" data-id=\"ba4913e\" data-element_type=\"container\" data-e-type=\"container\">\n\t\t\t\t<div class=\"elementor-element elementor-element-7f50aeb elementor-widget elementor-widget-text-editor\" data-id=\"7f50aeb\" data-element_type=\"widget\" data-e-type=\"widget\" data-settings=\"{&quot;ekit_we_effect_on&quot;:&quot;none&quot;}\" data-widget_type=\"text-editor.default\">\n\t\t\t\t\t\t\t\t\t<p data-start=\"146\" data-end=\"339\"><strong>A<\/strong> <strong data-start=\"148\" data-end=\"206\">rendezv\u00e9ny nem j\u00f6hetett volna l\u00e9tre t\u00e1mogat\u00f3ink n\u00e9lk\u00fcl<\/strong>!\u00a0<\/p><p data-start=\"341\" data-end=\"649\">Mindegyik\u00fck <strong data-start=\"353\" data-end=\"430\">izgalmas \u00e9s relev\u00e1ns szerepl\u0151je a j\u00e1t\u00e9kiparnak \u00e9s a technol\u00f3giai vil\u00e1gnak<\/strong>, ez\u00e9rt \u00e9rdemes sz\u00e1nnod r\u00e1juk n\u00e9h\u00e1ny percet: fedezd fel, mivel foglalkoznak, \u00e9s ismerd meg k\u00f6zelebbr\u0151l a munk\u00e1jukat. Ki tudja, tal\u00e1n pont k\u00f6zt\u00fck tal\u00e1lod meg a k\u00f6vetkez\u0151 egy\u00fcttm\u0171k\u00f6d\u00e9si lehet\u0151s\u00e9gedet vagy inspir\u00e1ci\u00f3dat!<\/p>\t\t\t\t\t\t\t\t<\/div>\n\t\t\t\t<\/div>\n\t\t\t\t\t<\/div>\n\t\t\t\t<\/div>\n\t\t<div class=\"elementor-element elementor-element-1be1925 e-flex e-con-boxed e-con e-parent\" data-id=\"1be1925\" data-element_type=\"container\" data-e-type=\"container\">\n\t\t\t\t\t<div class=\"e-con-inner\">\n\t\t\t\t<div class=\"elementor-element elementor-element-1cc2c6f elementor-widget elementor-widget-image\" data-id=\"1cc2c6f\" data-element_type=\"widget\" data-e-type=\"widget\" data-settings=\"{&quot;ekit_we_effect_on&quot;:&quot;none&quot;}\" data-widget_type=\"image.default\">\n\t\t\t\t\t\t\t\t\t\t\t\t\t\t\t\t<a href=\"https:\/\/hgda.hu\">\n\t\t\t\t\t\t\t<img fetchpriority=\"high\" decoding=\"async\" width=\"768\" height=\"268\" src=\"https:\/\/gamedevday.hu\/wp-content\/uploads\/2025\/09\/hgda-logo-texted-eng-white-blue_bg-768x268.jpg\" class=\"elementor-animation-grow attachment-medium_large size-medium_large wp-image-4175\" alt=\"\" srcset=\"https:\/\/gamedevday.hu\/wp-content\/uploads\/2025\/09\/hgda-logo-texted-eng-white-blue_bg-768x268.jpg 768w, https:\/\/gamedevday.hu\/wp-content\/uploads\/2025\/09\/hgda-logo-texted-eng-white-blue_bg-300x105.jpg 300w, https:\/\/gamedevday.hu\/wp-content\/uploads\/2025\/09\/hgda-logo-texted-eng-white-blue_bg-1024x357.jpg 1024w, https:\/\/gamedevday.hu\/wp-content\/uploads\/2025\/09\/hgda-logo-texted-eng-white-blue_bg-1536x536.jpg 1536w, https:\/\/gamedevday.hu\/wp-content\/uploads\/2025\/09\/hgda-logo-texted-eng-white-blue_bg-18x6.jpg 18w, https:\/\/gamedevday.hu\/wp-content\/uploads\/2025\/09\/hgda-logo-texted-eng-white-blue_bg.jpg 1742w\" sizes=\"(max-width: 768px) 100vw, 768px\" \/>\t\t\t\t\t\t\t\t<\/a>\n\t\t\t\t\t\t\t\t\t\t\t\t\t\t\t<\/div>\n\t\t\t\t<div class=\"elementor-element elementor-element-245c409 elementor-widget elementor-widget-text-editor\" data-id=\"245c409\" data-element_type=\"widget\" data-e-type=\"widget\" data-settings=\"{&quot;ekit_we_effect_on&quot;:&quot;none&quot;}\" data-widget_type=\"text-editor.default\">\n\t\t\t\t\t\t\t\t\t<blockquote><div class=\"flex max-w-full flex-col grow\"><div class=\"min-h-8 text-message relative flex w-full flex-col items-end gap-2 text-start break-words whitespace-normal [.text-message+&amp;]:mt-5\" dir=\"auto\" data-message-author-role=\"assistant\" data-message-id=\"35ec8645-544d-4ac6-9531-ea906dceba8e\" data-message-model-slug=\"gpt-5\"><div class=\"flex w-full flex-col gap-1 empty:hidden first:pt-[3px]\"><div class=\"markdown prose dark:prose-invert w-full break-words light markdown-new-styling\"><p data-start=\"0\" data-end=\"297\" data-is-last-node=\"\" data-is-only-node=\"\">A Game Dev Day-t\u00a0 a <strong>Magyar J\u00e1t\u00e9kfejleszt\u0151 Egyes\u00fclet<\/strong> (Hungarian Game Developers Association &#8211; HGDA) szervezte.<\/p><\/div><\/div><\/div><\/div><\/blockquote>\t\t\t\t\t\t\t\t<\/div>\n\t\t\t\t\t<\/div>\n\t\t\t\t<\/div>\n\t\t<div class=\"elementor-element elementor-element-3c4bdf4 e-flex e-con-boxed e-con e-parent\" data-id=\"3c4bdf4\" data-element_type=\"container\" data-e-type=\"container\">\n\t\t\t\t\t<div class=\"e-con-inner\">\n\t\t\t\t<div class=\"elementor-element elementor-element-b0e1da1 elementor-widget elementor-widget-image\" data-id=\"b0e1da1\" data-element_type=\"widget\" data-e-type=\"widget\" data-settings=\"{&quot;ekit_we_effect_on&quot;:&quot;none&quot;}\" data-widget_type=\"image.default\">\n\t\t\t\t\t\t\t\t\t\t\t\t\t\t\t\t<a href=\"https:\/\/www.kaoslab.net\">\n\t\t\t\t\t\t\t<img decoding=\"async\" width=\"768\" height=\"264\" src=\"https:\/\/gamedevday.hu\/wp-content\/uploads\/2025\/08\/kaos_logo-big-768x264.png\" class=\"elementor-animation-grow attachment-medium_large size-medium_large wp-image-3736\" alt=\"\" srcset=\"https:\/\/gamedevday.hu\/wp-content\/uploads\/2025\/08\/kaos_logo-big-768x264.png 768w, https:\/\/gamedevday.hu\/wp-content\/uploads\/2025\/08\/kaos_logo-big-300x103.png 300w, https:\/\/gamedevday.hu\/wp-content\/uploads\/2025\/08\/kaos_logo-big-1024x352.png 1024w, https:\/\/gamedevday.hu\/wp-content\/uploads\/2025\/08\/kaos_logo-big-1536x527.png 1536w, https:\/\/gamedevday.hu\/wp-content\/uploads\/2025\/08\/kaos_logo-big-2048x703.png 2048w, https:\/\/gamedevday.hu\/wp-content\/uploads\/2025\/08\/kaos_logo-big-18x6.png 18w\" sizes=\"(max-width: 768px) 100vw, 768px\" \/>\t\t\t\t\t\t\t\t<\/a>\n\t\t\t\t\t\t\t\t\t\t\t\t\t\t\t<\/div>\n\t\t\t\t<div class=\"elementor-element elementor-element-08d9dd0 elementor-widget elementor-widget-text-editor\" data-id=\"08d9dd0\" data-element_type=\"widget\" data-e-type=\"widget\" data-settings=\"{&quot;ekit_we_effect_on&quot;:&quot;none&quot;}\" data-widget_type=\"text-editor.default\">\n\t\t\t\t\t\t\t\t\t<blockquote><div class=\"flex max-w-full flex-col grow\"><div class=\"min-h-8 text-message relative flex w-full flex-col items-end gap-2 text-start break-words whitespace-normal [.text-message+&amp;]:mt-5\" dir=\"auto\" data-message-author-role=\"assistant\" data-message-id=\"35ec8645-544d-4ac6-9531-ea906dceba8e\" data-message-model-slug=\"gpt-5\"><div class=\"flex w-full flex-col gap-1 empty:hidden first:pt-[3px]\"><div class=\"markdown prose dark:prose-invert w-full break-words light markdown-new-styling\"><p data-start=\"0\" data-end=\"297\" data-is-last-node=\"\" data-is-only-node=\"\">A Kaos Lab egy kreat\u00edv st\u00fadi\u00f3, amely leny\u0171g\u00f6z\u0151 digit\u00e1lis \u00e9lm\u00e9nyeket hoz l\u00e9tre Unreal Engine seg\u00edts\u00e9g\u00e9vel. Legyen sz\u00f3 virtu\u00e1lis val\u00f3s\u00e1gr\u00f3l, m\u00fazeumi interakt\u00edv tartalmakr\u00f3l vagy l\u00e1tv\u00e1nyos 3D anim\u00e1ci\u00f3kr\u00f3l: szenved\u00e9ly\u00fck, hogy innovat\u00edv technol\u00f3gi\u00e1val \u00e9s egyedi l\u00e1tv\u00e1nyvil\u00e1ggal ragadjuk meg a k\u00f6z\u00f6ns\u00e9g figyelm\u00e9t.<\/p><\/div><\/div><\/div><\/div><\/blockquote>\t\t\t\t\t\t\t\t<\/div>\n\t\t\t\t\t<\/div>\n\t\t\t\t<\/div>\n\t\t<div class=\"elementor-element elementor-element-adad895 e-flex e-con-boxed e-con e-parent\" data-id=\"adad895\" data-element_type=\"container\" data-e-type=\"container\">\n\t\t\t\t\t<div class=\"e-con-inner\">\n\t\t\t\t<div class=\"elementor-element elementor-element-0378733 elementor-widget elementor-widget-image\" data-id=\"0378733\" data-element_type=\"widget\" data-e-type=\"widget\" data-settings=\"{&quot;ekit_we_effect_on&quot;:&quot;none&quot;}\" data-widget_type=\"image.default\">\n\t\t\t\t\t\t\t\t\t\t\t\t\t\t\t<img decoding=\"async\" width=\"768\" height=\"671\" src=\"https:\/\/gamedevday.hu\/wp-content\/uploads\/2025\/09\/Logo-szoveges_balrazart_fekete-768x671.png\" class=\"elementor-animation-grow attachment-medium_large size-medium_large wp-image-4476\" alt=\"\" srcset=\"https:\/\/gamedevday.hu\/wp-content\/uploads\/2025\/09\/Logo-szoveges_balrazart_fekete-768x671.png 768w, https:\/\/gamedevday.hu\/wp-content\/uploads\/2025\/09\/Logo-szoveges_balrazart_fekete-300x262.png 300w, https:\/\/gamedevday.hu\/wp-content\/uploads\/2025\/09\/Logo-szoveges_balrazart_fekete-1024x894.png 1024w, https:\/\/gamedevday.hu\/wp-content\/uploads\/2025\/09\/Logo-szoveges_balrazart_fekete-14x12.png 14w, https:\/\/gamedevday.hu\/wp-content\/uploads\/2025\/09\/Logo-szoveges_balrazart_fekete.png 1486w\" sizes=\"(max-width: 768px) 100vw, 768px\" \/>\t\t\t\t\t\t\t\t\t\t\t\t\t\t\t<\/div>\n\t\t\t\t<div class=\"elementor-element elementor-element-cf041ac elementor-widget elementor-widget-text-editor\" data-id=\"cf041ac\" data-element_type=\"widget\" data-e-type=\"widget\" data-settings=\"{&quot;ekit_we_effect_on&quot;:&quot;none&quot;}\" data-widget_type=\"text-editor.default\">\n\t\t\t\t\t\t\t\t\t<blockquote><p><span style=\"font-weight: 400;\">A Magyar Divat &amp; Design \u00dcgyn\u00f6ks\u00e9g azzal a c\u00e9llal alakult meg 2018-ban, hogy el\u0151re meghat\u00e1rozott strat\u00e9giai pill\u00e9rek ment\u00e9n \u2013 szakmai koordin\u00e1ci\u00f3, hazai term\u00e9kek el\u00e9rhet\u0151s\u00e9g\u00e9nek \u00e9s kereskedelmi lehet\u0151s\u00e9geinek jav\u00edt\u00e1sa, oktat\u00e1sfejleszt\u00e9s, valamint gy\u00e1rt\u00e1sfejleszt\u00e9s \u2013 hat\u00e9kony \u00e9s struktur\u00e1lt t\u00e1mogat\u00e1st ny\u00fajtson a divat \u00e9s a design \u00e1gazat minden szerepl\u0151je sz\u00e1m\u00e1ra. A c\u00e9lkit\u0171z\u00e9sek megval\u00f3s\u00edt\u00e1s\u00e1nak \u00e9rdek\u00e9ben olyan hazai rendezv\u00e9nyeket val\u00f3s\u00edt meg \u00e9vr\u0151l-\u00e9vre, mint a r\u00e9gi\u00f3 k\u00f6zponti divatesem\u00e9ny\u00e9nek sz\u00e1m\u00edt\u00f3 Budapest Central European Fashion Week, a Budapest Design Week vagy a nemzetk\u00f6zi d\u00edjakat nyert 360 Design Budapest ki\u00e1ll\u00edt\u00e1s. Emellett olyan k\u00fclf\u00f6ldi szakmai rendezv\u00e9nyeken biztos\u00edt megjelen\u00e9si \u00e9s bemutatkoz\u00e1si lehet\u0151s\u00e9get a magyar alkot\u00f3k sz\u00e1m\u00e1ra, mint a Milano Fashion Week vagy a Stockholm Design Fair. Kiemelt feladatai k\u00f6z\u00e9 tartozik a szakmai szervezetekkel val\u00f3 strat\u00e9giai egy\u00fcttm\u0171k\u00f6d\u00e9s, az export n\u00f6vel\u00e9se, tov\u00e1bb\u00e1 mentorprogramjaik megval\u00f3s\u00edt\u00e1s\u00e1val a hazai m\u00e1rk\u00e1k szakmai fejl\u0151d\u00e9s\u00e9nek t\u00e1mogat\u00e1sa.<\/span><\/p><\/blockquote>\t\t\t\t\t\t\t\t<\/div>\n\t\t\t\t\t<\/div>\n\t\t\t\t<\/div>\n\t\t<div class=\"elementor-element elementor-element-b295352 e-flex e-con-boxed e-con e-parent\" data-id=\"b295352\" data-element_type=\"container\" data-e-type=\"container\">\n\t\t\t\t\t<div class=\"e-con-inner\">\n\t\t\t\t<div class=\"elementor-element elementor-element-35af3a7 elementor-widget elementor-widget-image\" data-id=\"35af3a7\" data-element_type=\"widget\" data-e-type=\"widget\" data-settings=\"{&quot;ekit_we_effect_on&quot;:&quot;none&quot;}\" data-widget_type=\"image.default\">\n\t\t\t\t\t\t\t\t\t\t\t\t\t\t\t<img loading=\"lazy\" decoding=\"async\" width=\"271\" height=\"72\" src=\"https:\/\/gamedevday.hu\/wp-content\/uploads\/2025\/08\/speakerlogo_9_2-1.png\" class=\"elementor-animation-grow attachment-medium_large size-medium_large wp-image-3790\" alt=\"\" srcset=\"https:\/\/gamedevday.hu\/wp-content\/uploads\/2025\/08\/speakerlogo_9_2-1.png 271w, https:\/\/gamedevday.hu\/wp-content\/uploads\/2025\/08\/speakerlogo_9_2-1-18x5.png 18w\" sizes=\"(max-width: 271px) 100vw, 271px\" \/>\t\t\t\t\t\t\t\t\t\t\t\t\t\t\t<\/div>\n\t\t\t\t<div class=\"elementor-element elementor-element-c1c44a8 elementor-widget elementor-widget-text-editor\" data-id=\"c1c44a8\" data-element_type=\"widget\" data-e-type=\"widget\" data-settings=\"{&quot;ekit_we_effect_on&quot;:&quot;none&quot;}\" data-widget_type=\"text-editor.default\">\n\t\t\t\t\t\t\t\t\t<blockquote><p data-start=\"580\" data-end=\"637\">A Yigsoft egy olyan j\u00e1t\u00e9kfejleszt\u0151 st\u00fadi\u00f3, mely m\u00e1ra a CD PROJEKT RED egyik kulcsfontoss\u00e1g\u00fa partner\u00e9nek mondhatja mag\u00e1t. A m\u00faltban olyan projekteken dolgoztak, mint a Cyberpunk \u00a02077: REDmod, Cyberpunk 2077: Phantom Liberty \u00e9s a The Witcher 3: Complete Edition. Ezen fel\u00fcl k\u00f6z\u00f6sen adt\u00e1k ki a REDkit n\u00e9vre hallgat\u00f3, szinte v\u00e9gtelen moddol\u00e1si lehet\u0151s\u00e9get ny\u00fajt\u00f3 toolt, illetve nemr\u00e9giben \u0151k seg\u00edtettek a Cyberpunk 2077 Switch 2-re t\u00f6rt\u00e9n\u0151 portol\u00e1s\u00e1ban is. Egy kicsinek indul\u00f3, folyamatosan n\u00f6vekv\u0151 c\u00e9gk\u00e9nt c\u00e9ljuk tulajdonk\u00e9ppen egyszer\u0171: \u00e9letre kelteni olyan vil\u00e1gokat (\u00e9s benn\u00fck azokat a t\u00f6rt\u00e9neteket) melyek egy \u00e9letre vel\u00fcnk maradnak.<\/p><\/blockquote>\t\t\t\t\t\t\t\t<\/div>\n\t\t\t\t\t<\/div>\n\t\t\t\t<\/div>\n\t\t<div class=\"elementor-element elementor-element-d799df9 e-flex e-con-boxed e-con e-parent\" data-id=\"d799df9\" data-element_type=\"container\" data-e-type=\"container\">\n\t\t\t\t\t<div class=\"e-con-inner\">\n\t\t\t\t<div class=\"elementor-element elementor-element-b05e827 elementor-widget elementor-widget-image\" data-id=\"b05e827\" data-element_type=\"widget\" data-e-type=\"widget\" data-settings=\"{&quot;ekit_we_effect_on&quot;:&quot;none&quot;}\" data-widget_type=\"image.default\">\n\t\t\t\t\t\t\t\t\t\t\t\t\t\t\t<img loading=\"lazy\" decoding=\"async\" width=\"200\" height=\"148\" src=\"https:\/\/gamedevday.hu\/wp-content\/uploads\/2025\/08\/tolnai_law_firm_logo-1.jpeg\" class=\"elementor-animation-grow attachment-medium_large size-medium_large wp-image-3821\" alt=\"\" srcset=\"https:\/\/gamedevday.hu\/wp-content\/uploads\/2025\/08\/tolnai_law_firm_logo-1.jpeg 200w, https:\/\/gamedevday.hu\/wp-content\/uploads\/2025\/08\/tolnai_law_firm_logo-1-16x12.jpeg 16w\" sizes=\"(max-width: 200px) 100vw, 200px\" \/>\t\t\t\t\t\t\t\t\t\t\t\t\t\t\t<\/div>\n\t\t\t\t<div class=\"elementor-element elementor-element-f69baf2 elementor-widget elementor-widget-text-editor\" data-id=\"f69baf2\" data-element_type=\"widget\" data-e-type=\"widget\" data-settings=\"{&quot;ekit_we_effect_on&quot;:&quot;none&quot;}\" data-widget_type=\"text-editor.default\">\n\t\t\t\t\t\t\t\t\t<blockquote><p data-start=\"580\" data-end=\"637\">A Tolnai Law Firm (TLF) egy nemzetk\u00f6zi \u00fcgyv\u00e9di irodai gy\u00f6ker\u0171, 2018 \u00f3ta \u00f6n\u00e1ll\u00f3an m\u0171k\u00f6d\u0151 \u00fcgyv\u00e9di iroda Budapesten, amely els\u0151sorban a digit\u00e1lis ipar\u00e1gakban (pl. szoftverfejleszt\u00e9sben, e-kereskedelemben) m\u0171k\u00f6d\u0151 piaci szerepl\u0151knek, valamint \u00fczletfeleiknek ny\u00fajt jogi szolg\u00e1ltat\u00e1sokat. A digitaliz\u00e1ci\u00f3 kih\u00edv\u00e1saira fog\u00e9kony jogi szakemberekb\u0151l \u00e1ll\u00f3 m\u0171helyk\u00e9nt c\u00e9lja, hogy a nagyv\u00e1llalati szektorban elv\u00e1rt sz\u00ednvonal\u00fa szolg\u00e1ltat\u00e1sokat k\u00f6lts\u00e9ghat\u00e9konyan ny\u00fajtsa kisebb \u00e9s nagyobb \u00fcgyfelei r\u00e9sz\u00e9re egyar\u00e1nt. A TLF egyik strat\u00e9giai c\u00e9lja meghat\u00e1roz\u00f3 szerepl\u0151v\u00e9 v\u00e1lni a hazai j\u00e1t\u00e9kfejleszt\u00e9s jogi t\u00e1mogat\u00e1s\u00e1ban. Jogi szakter\u00fcleteink: szoftverjog, innovat\u00edv informatikai technol\u00f3gi\u00e1k joga, e-kereskedelmi jog, adatv\u00e9delem, online fogyaszt\u00f3v\u00e9delem stb.<\/p><\/blockquote>\t\t\t\t\t\t\t\t<\/div>\n\t\t\t\t\t<\/div>\n\t\t\t\t<\/div>\n\t\t<div class=\"elementor-element elementor-element-50ac990 e-flex e-con-boxed e-con e-parent\" data-id=\"50ac990\" data-element_type=\"container\" data-e-type=\"container\">\n\t\t\t\t\t<div class=\"e-con-inner\">\n\t\t\t\t<div class=\"elementor-element elementor-element-b962c8d elementor-widget elementor-widget-image\" data-id=\"b962c8d\" data-element_type=\"widget\" data-e-type=\"widget\" data-settings=\"{&quot;ekit_we_effect_on&quot;:&quot;none&quot;}\" data-widget_type=\"image.default\">\n\t\t\t\t\t\t\t\t\t\t\t\t\t\t\t\t<a href=\"https:\/\/www.spongehammer.com\">\n\t\t\t\t\t\t\t<img loading=\"lazy\" decoding=\"async\" width=\"300\" height=\"280\" src=\"https:\/\/gamedevday.hu\/wp-content\/uploads\/2025\/08\/SH-Colour-2-1-300x280.png\" class=\"elementor-animation-grow attachment-medium size-medium wp-image-4024\" alt=\"\" srcset=\"https:\/\/gamedevday.hu\/wp-content\/uploads\/2025\/08\/SH-Colour-2-1-300x280.png 300w, https:\/\/gamedevday.hu\/wp-content\/uploads\/2025\/08\/SH-Colour-2-1-1024x955.png 1024w, https:\/\/gamedevday.hu\/wp-content\/uploads\/2025\/08\/SH-Colour-2-1-768x716.png 768w, https:\/\/gamedevday.hu\/wp-content\/uploads\/2025\/08\/SH-Colour-2-1-1536x1433.png 1536w, https:\/\/gamedevday.hu\/wp-content\/uploads\/2025\/08\/SH-Colour-2-1-2048x1910.png 2048w, https:\/\/gamedevday.hu\/wp-content\/uploads\/2025\/08\/SH-Colour-2-1-13x12.png 13w\" sizes=\"(max-width: 300px) 100vw, 300px\" \/>\t\t\t\t\t\t\t\t<\/a>\n\t\t\t\t\t\t\t\t\t\t\t\t\t\t\t<\/div>\n\t\t\t\t<div class=\"elementor-element elementor-element-4a35eb4 elementor-widget elementor-widget-text-editor\" data-id=\"4a35eb4\" data-element_type=\"widget\" data-e-type=\"widget\" data-settings=\"{&quot;ekit_we_effect_on&quot;:&quot;none&quot;}\" data-widget_type=\"text-editor.default\">\n\t\t\t\t\t\t\t\t\t<blockquote><p data-start=\"580\" data-end=\"637\">A Sponge Hammer Limited egy Angli\u00e1ban bejegyzett j\u00e1t\u00e9kfejleszt\u0151 c\u00e9g. Csapatunk magj\u00e1t tapasztalt, veter\u00e1n fejleszt\u0151k alkotj\u00e1k \u2013 olyan szakemberek, akik anno a 2000-es \u00e9v ikonikus Screamer 4&#215;4 j\u00e1t\u00e9k\u00e1n is dolgoztak.<br \/>Az elm\u00falt \u00e9vekben t\u00f6bb mint egy tucat indie, AA \u00e9s AAA j\u00e1t\u00e9k fejleszt\u00e9s\u00e9ben m\u0171k\u00f6dt\u00fcnk k\u00f6zre, k\u00f6zel h\u00e9t \u00e9ve pedig a Sea of Thieves h\u00e1tt\u00e9rrendszer\u00e9nek fejleszt\u00e9se az egyik f\u0151 feladatunk. Jelenleg saj\u00e1t j\u00e1t\u00e9kunk, a The Drifting Crown protot\u00edpus\u00e1n dolgozunk.<br \/>Profilunkba tartozik a backend fejleszt\u00e9s, teljes k\u00f6r\u0171 (full cycle) j\u00e1t\u00e9kfejleszt\u00e9s, valamint codev \u2013 Unityben, Unrealben \u00e9s egyedi motorokban egyar\u00e1nt.<br \/>A kezdetekt\u0151l fogva teljesen t\u00e1vmunk\u00e1ban m\u0171k\u00f6d\u00fcnk, csapatunk az Eur\u00f3pai Uni\u00f3 t\u00f6bb orsz\u00e1g\u00e1ban \u00e9l, m\u00e9gis szoros, \u00f6sszetart\u00f3 k\u00f6z\u00f6ss\u00e9gk\u00e9nt dolgozunk egy\u00fctt nap mint nap. N\u00e1lunk fontos, hogy mindenki hangj\u00e1t meghalljuk, \u00e9s teret adjunk a kreat\u00edv \u00f6tletek kibontakoz\u00e1s\u00e1nak.<\/p><\/blockquote>\t\t\t\t\t\t\t\t<\/div>\n\t\t\t\t\t<\/div>\n\t\t\t\t<\/div>\n\t\t<div class=\"elementor-element elementor-element-5313ffb e-flex e-con-boxed e-con e-parent\" data-id=\"5313ffb\" data-element_type=\"container\" data-e-type=\"container\">\n\t\t\t\t\t<div class=\"e-con-inner\">\n\t\t\t\t<div class=\"elementor-element elementor-element-a021f9e elementor-widget elementor-widget-image\" data-id=\"a021f9e\" data-element_type=\"widget\" data-e-type=\"widget\" data-settings=\"{&quot;ekit_we_effect_on&quot;:&quot;none&quot;}\" data-widget_type=\"image.default\">\n\t\t\t\t\t\t\t\t\t\t\t\t\t\t\t\t<a href=\"https:\/\/www.spongehammer.com\">\n\t\t\t\t\t\t\t<img loading=\"lazy\" decoding=\"async\" width=\"300\" height=\"116\" src=\"https:\/\/gamedevday.hu\/wp-content\/uploads\/2025\/09\/MeOut_logo-02-300x116.png\" class=\"elementor-animation-grow attachment-medium size-medium wp-image-4063\" alt=\"\" srcset=\"https:\/\/gamedevday.hu\/wp-content\/uploads\/2025\/09\/MeOut_logo-02-300x116.png 300w, https:\/\/gamedevday.hu\/wp-content\/uploads\/2025\/09\/MeOut_logo-02-1024x395.png 1024w, https:\/\/gamedevday.hu\/wp-content\/uploads\/2025\/09\/MeOut_logo-02-768x296.png 768w, https:\/\/gamedevday.hu\/wp-content\/uploads\/2025\/09\/MeOut_logo-02-18x7.png 18w, https:\/\/gamedevday.hu\/wp-content\/uploads\/2025\/09\/MeOut_logo-02.png 1536w\" sizes=\"(max-width: 300px) 100vw, 300px\" \/>\t\t\t\t\t\t\t\t<\/a>\n\t\t\t\t\t\t\t\t\t\t\t\t\t\t\t<\/div>\n\t\t\t\t<div class=\"elementor-element elementor-element-4ccd577 elementor-widget elementor-widget-text-editor\" data-id=\"4ccd577\" data-element_type=\"widget\" data-e-type=\"widget\" data-settings=\"{&quot;ekit_we_effect_on&quot;:&quot;none&quot;}\" data-widget_type=\"text-editor.default\">\n\t\t\t\t\t\t\t\t\t<blockquote><p data-start=\"580\" data-end=\"637\">A MeOut Group glob\u00e1lis oktat\u00e1si \u00e9s innov\u00e1ci\u00f3s programokat hoz l\u00e9tre, amelyek \u00f6sszek\u00f6tik a tehets\u00e9geket, startupokat \u00e9s int\u00e9zm\u00e9nyeket, \u00e9s az \u00f6tletekb\u0151l partners\u00e9geken, \u00f6kosziszt\u00e9ma-\u00e9p\u00edt\u00e9sen, valamint az XO Grouppal k\u00f6z\u00f6sen szervezett region\u00e1lis d\u00edjprogramokon kereszt\u00fcl val\u00f3di, hat\u00e1st gyakorl\u00f3 v\u00e1llalkoz\u00e1sokat form\u00e1lnak. T\u00f6bb mint 15 \u00e9ves tapasztalat\u00e1val, h\u00e1rom kontinensre \u00e9s t\u00f6bb mint 150 orsz\u00e1gra kiterjed\u0151 jelenl\u00e9t\u00e9vel olyan kezdem\u00e9nyez\u00e9seket ind\u00edt, mint a hackathonok, v\u00e1llalkoz\u00e1sfejleszt\u00e9si sprintek, befektet\u0151i kapcsolat\u00e9p\u00edt\u0151 esem\u00e9nyek \u00e9s piacra l\u00e9p\u00e9st t\u00e1mogat\u00f3 misszi\u00f3k.<\/p><\/blockquote>\t\t\t\t\t\t\t\t<\/div>\n\t\t\t\t\t<\/div>\n\t\t\t\t<\/div>\n\t\t\t\t<\/div>\n\t\t","protected":false},"excerpt":{"rendered":"<p>T\u00c1MOGAT\u00d3INK A rendezv\u00e9ny nem j\u00f6hetett volna l\u00e9tre t\u00e1mogat\u00f3ink n\u00e9lk\u00fcl!\u00a0 Mindegyik\u00fck izgalmas \u00e9s relev\u00e1ns szerepl\u0151je a j\u00e1t\u00e9kiparnak \u00e9s a technol\u00f3giai vil\u00e1gnak, ez\u00e9rt \u00e9rdemes sz\u00e1nnod r\u00e1juk n\u00e9h\u00e1ny percet: fedezd fel, mivel foglalkoznak, \u00e9s ismerd meg k\u00f6zelebbr\u0151l a munk\u00e1jukat. Ki tudja, tal\u00e1n pont k\u00f6zt\u00fck tal\u00e1lod meg a k\u00f6vetkez\u0151 egy\u00fcttm\u0171k\u00f6d\u00e9si lehet\u0151s\u00e9gedet vagy inspir\u00e1ci\u00f3dat! A Game Dev Day-t\u00a0 a Magyar [&hellip;]<\/p>\n","protected":false},"author":1,"featured_media":0,"parent":0,"menu_order":0,"comment_status":"closed","ping_status":"closed","template":"template\/full-width-template.php","meta":{"footnotes":""},"class_list":["post-3464","page","type-page","status-publish","hentry"],"_links":{"self":[{"href":"https:\/\/gamedevday.hu\/en\/wp-json\/wp\/v2\/pages\/3464","targetHints":{"allow":["GET"]}}],"collection":[{"href":"https:\/\/gamedevday.hu\/en\/wp-json\/wp\/v2\/pages"}],"about":[{"href":"https:\/\/gamedevday.hu\/en\/wp-json\/wp\/v2\/types\/page"}],"author":[{"embeddable":true,"href":"https:\/\/gamedevday.hu\/en\/wp-json\/wp\/v2\/users\/1"}],"replies":[{"embeddable":true,"href":"https:\/\/gamedevday.hu\/en\/wp-json\/wp\/v2\/comments?post=3464"}],"version-history":[{"count":37,"href":"https:\/\/gamedevday.hu\/en\/wp-json\/wp\/v2\/pages\/3464\/revisions"}],"predecessor-version":[{"id":4479,"href":"https:\/\/gamedevday.hu\/en\/wp-json\/wp\/v2\/pages\/3464\/revisions\/4479"}],"wp:attachment":[{"href":"https:\/\/gamedevday.hu\/en\/wp-json\/wp\/v2\/media?parent=3464"}],"curies":[{"name":"wp","href":"https:\/\/api.w.org\/{rel}","templated":true}]}}