{"id":3134,"date":"2025-08-22T07:13:57","date_gmt":"2025-08-22T07:13:57","guid":{"rendered":"https:\/\/gamedevday.hu\/?page_id=3134"},"modified":"2025-08-29T12:50:36","modified_gmt":"2025-08-29T12:50:36","slug":"kiallitoknak","status":"publish","type":"page","link":"https:\/\/gamedevday.hu\/en\/kiallitoknak\/","title":{"rendered":"For Exhibitors"},"content":{"rendered":"<div data-elementor-type=\"wp-post\" data-elementor-id=\"3134\" class=\"elementor elementor-3134\" data-elementor-post-type=\"page\">\n\t\t\t\t<div class=\"elementor-element elementor-element-4187d3a e-flex e-con-boxed e-con e-parent\" data-id=\"4187d3a\" data-element_type=\"container\" data-e-type=\"container\" data-settings=\"{&quot;background_background&quot;:&quot;classic&quot;}\">\n\t\t\t\t\t<div class=\"e-con-inner\">\n\t\t\t\t<div class=\"elementor-element elementor-element-62412a7 elementor-widget elementor-widget-heading\" data-id=\"62412a7\" data-element_type=\"widget\" data-e-type=\"widget\" data-settings=\"{&quot;ekit_we_effect_on&quot;:&quot;none&quot;}\" data-widget_type=\"heading.default\">\n\t\t\t\t\t<h2 class=\"elementor-heading-title elementor-size-default\">Showcase Your Game at Game Dev Day!<\/h2>\t\t\t\t<\/div>\n\t\t\t\t\t<\/div>\n\t\t\t\t<\/div>\n\t\t<div class=\"elementor-element elementor-element-04cba50 e-flex e-con-boxed e-con e-parent\" data-id=\"04cba50\" data-element_type=\"container\" data-e-type=\"container\">\n\t\t\t\t\t<div class=\"e-con-inner\">\n\t\t<div class=\"elementor-element elementor-element-d4f7a00 e-con-full e-flex e-con e-child\" data-id=\"d4f7a00\" data-element_type=\"container\" data-e-type=\"container\">\n\t\t\t\t<div class=\"elementor-element elementor-element-940f111 elementor-hidden-mobile elementor-view-default elementor-widget elementor-widget-icon\" data-id=\"940f111\" data-element_type=\"widget\" data-e-type=\"widget\" data-settings=\"{&quot;ekit_we_effect_on&quot;:&quot;none&quot;}\" data-widget_type=\"icon.default\">\n\t\t\t\t\t\t\t<div class=\"elementor-icon-wrapper\">\n\t\t\t<div class=\"elementor-icon\">\n\t\t\t<i aria-hidden=\"true\" class=\"icon icon-laptop-phone\"><\/i>\t\t\t<\/div>\n\t\t<\/div>\n\t\t\t\t\t\t<\/div>\n\t\t\t\t<\/div>\n\t\t<div class=\"elementor-element elementor-element-cc5c1c3 e-con-full e-flex e-con e-child\" data-id=\"cc5c1c3\" data-element_type=\"container\" data-e-type=\"container\">\n\t\t\t\t<div class=\"elementor-element elementor-element-12629ba elementor-widget elementor-widget-text-editor\" data-id=\"12629ba\" data-element_type=\"widget\" data-e-type=\"widget\" data-settings=\"{&quot;ekit_we_effect_on&quot;:&quot;none&quot;}\" data-widget_type=\"text-editor.default\">\n\t\t\t\t\t\t\t\t\t<p class=\"translation-block\">Game Dev Day is the largest gathering of the Hungarian game development community and the perfect opportunity to showcase your game directly to industry professionals and players. The expo area will feature more than a dozen Hungarian-made games \u2014 this is your chance to have yours among them!<\/p>\t\t\t\t\t\t\t\t<\/div>\n\t\t\t\t<\/div>\n\t\t\t\t\t<\/div>\n\t\t\t\t<\/div>\n\t\t<div class=\"elementor-element elementor-element-1be1925 e-flex e-con-boxed e-con e-parent\" data-id=\"1be1925\" data-element_type=\"container\" data-e-type=\"container\">\n\t\t\t\t\t<div class=\"e-con-inner\">\n\t\t\t\t<div class=\"elementor-element elementor-element-90d4697 elementor-widget elementor-widget-heading\" data-id=\"90d4697\" data-element_type=\"widget\" data-e-type=\"widget\" data-settings=\"{&quot;ekit_we_effect_on&quot;:&quot;none&quot;}\" data-widget_type=\"heading.default\">\n\t\t\t\t\t<h2 class=\"elementor-heading-title elementor-size-default\">Why should you apply?<\/h2>\t\t\t\t<\/div>\n\t\t\t\t<div class=\"elementor-element elementor-element-245c409 elementor-widget elementor-widget-text-editor\" data-id=\"245c409\" data-element_type=\"widget\" data-e-type=\"widget\" data-settings=\"{&quot;ekit_we_effect_on&quot;:&quot;none&quot;}\" data-widget_type=\"text-editor.default\">\n\t\t\t\t\t\t\t\t\t<blockquote><p style=\"text-align: left;\" data-start=\"225\" data-end=\"471\" class=\"translation-block\">Game Dev Day isn\u2019t just about showing your game to the local community and industry: international publishers and decision-makers will also be attending, giving your project exposure to people who can open new doors for you.<\/p><p data-start=\"473\" data-end=\"696\" class=\"translation-block\">You\u2019ll also have the chance to get your game in front of hundreds of visitors, collecting real player feedback first-hand. Meet other developers, build connections, and draw inspiration from the stories of your peers.<\/p><p data-start=\"698\" data-end=\"817\" class=\"translation-block\">This is a unique opportunity to make your work visible\u2014to players and industry professionals alike.<\/p><\/blockquote>\t\t\t\t\t\t\t\t<\/div>\n\t\t\t\t\t<\/div>\n\t\t\t\t<\/div>\n\t\t<div class=\"elementor-element elementor-element-3901419 e-flex e-con-boxed e-con e-parent\" data-id=\"3901419\" data-element_type=\"container\" data-e-type=\"container\">\n\t\t\t\t\t<div class=\"e-con-inner\">\n\t\t\t\t<div class=\"elementor-element elementor-element-386d5ea elementor-widget elementor-widget-heading\" data-id=\"386d5ea\" data-element_type=\"widget\" data-e-type=\"widget\" data-settings=\"{&quot;ekit_we_effect_on&quot;:&quot;none&quot;}\" data-widget_type=\"heading.default\">\n\t\t\t\t\t<h2 class=\"elementor-heading-title elementor-size-default\">Who can apply?<\/h2>\t\t\t\t<\/div>\n\t\t\t\t<div class=\"elementor-element elementor-element-64e2b4c elementor-widget elementor-widget-text-editor\" data-id=\"64e2b4c\" data-element_type=\"widget\" data-e-type=\"widget\" data-settings=\"{&quot;ekit_we_effect_on&quot;:&quot;none&quot;}\" data-widget_type=\"text-editor.default\">\n\t\t\t\t\t\t\t\t\t<blockquote><p class=\"translation-block\">Anyone making a game is welcome! Whether you\u2019re just starting on your very first project or you\u2019re a seasoned pro working on your next release, you can apply either as an individual or as a team.<\/p><\/blockquote>\t\t\t\t\t\t\t\t<\/div>\n\t\t\t\t\t<\/div>\n\t\t\t\t<\/div>\n\t\t<div class=\"elementor-element elementor-element-de2b301 e-flex e-con-boxed e-con e-parent\" data-id=\"de2b301\" data-element_type=\"container\" data-e-type=\"container\">\n\t\t\t\t\t<div class=\"e-con-inner\">\n\t\t\t\t<div class=\"elementor-element elementor-element-219d029 elementor-widget elementor-widget-heading\" data-id=\"219d029\" data-element_type=\"widget\" data-e-type=\"widget\" data-settings=\"{&quot;ekit_we_effect_on&quot;:&quot;none&quot;}\" data-widget_type=\"heading.default\">\n\t\t\t\t\t<h2 class=\"elementor-heading-title elementor-size-default\">How are exhibitors selected?<\/h2>\t\t\t\t<\/div>\n\t\t\t\t<div class=\"elementor-element elementor-element-df08104 elementor-widget elementor-widget-text-editor\" data-id=\"df08104\" data-element_type=\"widget\" data-e-type=\"widget\" data-settings=\"{&quot;ekit_we_effect_on&quot;:&quot;none&quot;}\" data-widget_type=\"text-editor.default\">\n\t\t\t\t\t\t\t\t\t<blockquote><p style=\"text-align: left;\">A jelentkez\u0151k k\u00f6z\u00fcl a szervez\u0151k v\u00e1lasztj\u00e1k ki, mely j\u00e1t\u00e9kok ker\u00fclnek bemutat\u00e1sra.<br data-start=\"1229\" data-end=\"1232\" \/>Az <strong data-start=\"1235\" data-end=\"1259\">egyetlen k\u00f6vetelm\u00e9ny<\/strong>, hogy rendelkezz legal\u00e1bb egy <strong data-start=\"1290\" data-end=\"1317\">r\u00f6vid gameplay vide\u00f3val<\/strong>. Ha tudsz, hozz magaddal <strong data-start=\"1343\" data-end=\"1375\">helyben kipr\u00f3b\u00e1lhat\u00f3 verzi\u00f3t<\/strong>, hiszen \u00edgy a k\u00f6z\u00f6ns\u00e9gt\u0151l is k\u00f6zvetlen visszajelz\u00e9st gy\u0171jthetsz. Emellett, ha trailerrel is rendelkezel, ezt megosztjuk ezen az oldalon \u00e9s az egy\u00e9b platformjainkon.<\/p><\/blockquote>\t\t\t\t\t\t\t\t<\/div>\n\t\t\t\t\t<\/div>\n\t\t\t\t<\/div>\n\t\t<div class=\"elementor-element elementor-element-782d76c e-flex e-con-boxed e-con e-parent\" data-id=\"782d76c\" data-element_type=\"container\" data-e-type=\"container\">\n\t\t\t\t\t<div class=\"e-con-inner\">\n\t\t\t\t<div class=\"elementor-element elementor-element-7eb18dd elementor-widget elementor-widget-heading\" data-id=\"7eb18dd\" data-element_type=\"widget\" data-e-type=\"widget\" data-settings=\"{&quot;ekit_we_effect_on&quot;:&quot;none&quot;}\" data-widget_type=\"heading.default\">\n\t\t\t\t\t<h2 class=\"elementor-heading-title elementor-size-default\">What will you need?<\/h2>\t\t\t\t<\/div>\n\t\t\t\t<div class=\"elementor-element elementor-element-93eb452 elementor-widget elementor-widget-text-editor\" data-id=\"93eb452\" data-element_type=\"widget\" data-e-type=\"widget\" data-settings=\"{&quot;ekit_we_effect_on&quot;:&quot;none&quot;}\" data-widget_type=\"text-editor.default\">\n\t\t\t\t\t\t\t\t\t<blockquote><p style=\"text-align: left;\" data-start=\"1476\" data-end=\"1607\" class=\"translation-block\">Exhibitors are responsible for providing the necessary hardware (PC, laptop, monitor, etc.).\nOn-site, we will provide:<\/p><ul><li data-start=\"1610\" data-end=\"1634\">a table and chairs<\/li><li data-start=\"1610\" data-end=\"1634\">power supply<\/li><li data-start=\"1653\" data-end=\"1665\">Wi-Fi<\/li><\/ul><\/blockquote>\t\t\t\t\t\t\t\t<\/div>\n\t\t\t\t\t<\/div>\n\t\t\t\t<\/div>\n\t\t<div class=\"elementor-element elementor-element-6c98c49 e-flex e-con-boxed e-con e-parent\" data-id=\"6c98c49\" data-element_type=\"container\" data-e-type=\"container\">\n\t\t\t\t\t<div class=\"e-con-inner\">\n\t\t\t\t<div class=\"elementor-element elementor-element-b419e6d elementor-widget elementor-widget-heading\" data-id=\"b419e6d\" data-element_type=\"widget\" data-e-type=\"widget\" data-settings=\"{&quot;ekit_we_effect_on&quot;:&quot;none&quot;}\" data-widget_type=\"heading.default\">\n\t\t\t\t\t<h2 class=\"elementor-heading-title elementor-size-default\">Participation fee<\/h2>\t\t\t\t<\/div>\n\t\t\t\t<div class=\"elementor-element elementor-element-d5f4261 elementor-widget elementor-widget-text-editor\" data-id=\"d5f4261\" data-element_type=\"widget\" data-e-type=\"widget\" data-settings=\"{&quot;ekit_we_effect_on&quot;:&quot;none&quot;}\" data-widget_type=\"text-editor.default\">\n\t\t\t\t\t\t\t\t\t<blockquote><p style=\"text-align: left;\" data-start=\"1476\" data-end=\"1607\">A ki\u00e1ll\u00edt\u00e1s d\u00edja <strong data-start=\"1710\" data-end=\"1723\">10 000 Ft<\/strong>, valamint a ki\u00e1ll\u00edt\u00f3 szem\u00e9lyeknek rendelkezni\u00fck kell \u00e9rv\u00e9nyes bel\u00e9p\u0151jeggyel (early bird vagy norm\u00e1l).<br data-start=\"1778\" data-end=\"1781\" \/>Ugyanakkor tiszt\u00e1ban vagyunk vele, hogy egy <strong data-start=\"1825\" data-end=\"1842\">gar\u00e1zsprojekt<\/strong> eset\u00e9ben minden forint sz\u00e1m\u00edt. Ha a r\u00e9szv\u00e9teli d\u00edj akad\u00e1lyt jelentene, <strong data-start=\"1914\" data-end=\"1931\">jelezd nek\u00fcnk<\/strong>, \u00e9s adott esetben elengedj\u00fck ezt a k\u00f6lts\u00e9get a t\u00e1mogat\u00e1sunk jelek\u00e9nt.<\/p><\/blockquote>\t\t\t\t\t\t\t\t<\/div>\n\t\t\t\t\t<\/div>\n\t\t\t\t<\/div>\n\t\t<div class=\"elementor-element elementor-element-61c1dcd e-flex e-con-boxed e-con e-parent\" data-id=\"61c1dcd\" data-element_type=\"container\" data-e-type=\"container\">\n\t\t\t\t\t<div class=\"e-con-inner\">\n\t\t\t\t<div class=\"elementor-element elementor-element-2d2bee7 elementor-widget elementor-widget-heading\" data-id=\"2d2bee7\" data-element_type=\"widget\" data-e-type=\"widget\" data-settings=\"{&quot;ekit_we_effect_on&quot;:&quot;none&quot;}\" data-widget_type=\"heading.default\">\n\t\t\t\t\t<h2 class=\"elementor-heading-title elementor-size-default\">How to apply?<\/h2>\t\t\t\t<\/div>\n\t\t\t\t<div class=\"elementor-element elementor-element-82d96d9 elementor-widget elementor-widget-text-editor\" data-id=\"82d96d9\" data-element_type=\"widget\" data-e-type=\"widget\" data-settings=\"{&quot;ekit_we_effect_on&quot;:&quot;none&quot;}\" data-widget_type=\"text-editor.default\">\n\t\t\t\t\t\t\t\t\t<blockquote><p style=\"text-align: left;\" data-start=\"2049\" data-end=\"2145\">A r\u00e9szv\u00e9telhez nincs m\u00e1s dolgod, mint kit\u00f6lteni a jelentkez\u00e9si k\u00e9rd\u0151\u00edvet. K\u00e9rj\u00fck vedd figyelembe, hogy mivel limit\u00e1lt a hely befogad\u00f3k\u00e9pess\u00e9ge, \u00edgy nem tudunk mindenkinek helyet garant\u00e1lni. A kiv\u00e1laszt\u00e1s nem regisztr\u00e1ci\u00f3s sorrendben t\u00f6rt\u00e9nik, hanem egyedi elb\u00edr\u00e1l\u00e1s alapj\u00e1n. A beker\u00fcl\u0151 j\u00e1t\u00e9kok fejleszt\u0151it email-ben \u00e9rtes\u00edtj\u00fck.\u00a0<br \/><br \/><strong>Jelentkez\u00e9s hat\u00e1rideje: szeptember 12.<\/strong><\/p><p data-start=\"2147\" data-end=\"2330\" class=\"translation-block\">Don\u2019t miss the chance to have your game featured in the Game Dev Day expo area!\nShow what you\u2019ve been working on and be part of the biggest event for Hungary\u2019s game development community!<\/p><\/blockquote>\t\t\t\t\t\t\t\t<\/div>\n\t\t\t\t\t<\/div>\n\t\t\t\t<\/div>\n\t\t<div class=\"elementor-element elementor-element-cfcdb0b e-flex e-con-boxed e-con e-parent\" data-id=\"cfcdb0b\" data-element_type=\"container\" data-e-type=\"container\">\n\t\t\t\t\t<div class=\"e-con-inner\">\n\t\t\t\t<div class=\"elementor-element elementor-element-60da74b elementor-align-center elementor-mobile-align-center elementor-tablet-align-left elementor-widget elementor-widget-button\" data-id=\"60da74b\" data-element_type=\"widget\" data-e-type=\"widget\" data-settings=\"{&quot;ekit_we_effect_on&quot;:&quot;none&quot;}\" data-widget_type=\"button.default\">\n\t\t\t\t\t\t\t\t\t\t<a class=\"elementor-button elementor-button-link elementor-size-md\" href=\"https:\/\/forms.gle\/Tc8si8hvdiubHFX59\">\n\t\t\t\t\t\t<span class=\"elementor-button-content-wrapper\">\n\t\t\t\t\t\t\t\t\t<span class=\"elementor-button-text\">APPLY<\/span>\n\t\t\t\t\t<\/span>\n\t\t\t\t\t<\/a>\n\t\t\t\t\t\t\t\t<\/div>\n\t\t\t\t\t<\/div>\n\t\t\t\t<\/div>\n\t\t\t\t<\/div>","protected":false},"excerpt":{"rendered":"<p>Mutasd be a j\u00e1t\u00e9kodat ki\u00e1ll\u00edt\u00f3k\u00e9nt! A Game Dev Day a hazai j\u00e1t\u00e9kfejleszt\u0151 k\u00f6z\u00f6ss\u00e9g legnagyobb tal\u00e1lkoz\u00f3helye \u2013 \u00e9s egyben a legjobb alkalom arra, hogy j\u00e1t\u00e9kodat k\u00f6zvetlen\u00fcl a szakma, a kiad\u00f3k \u00e9s a k\u00f6z\u00f6ns\u00e9g el\u00e9 vidd. A ki\u00e1ll\u00edt\u00f3t\u00e9rben t\u00f6bb mint egy tucat magyar fejleszt\u00e9s\u0171 j\u00e1t\u00e9k kap helyet \u2013 itt az es\u00e9ly, hogy a ti\u00e9d is k\u00f6zt\u00fck legyen! [&hellip;]<\/p>\n","protected":false},"author":1,"featured_media":0,"parent":0,"menu_order":0,"comment_status":"closed","ping_status":"closed","template":"template\/full-width-template.php","meta":{"footnotes":""},"class_list":["post-3134","page","type-page","status-publish","hentry"],"_links":{"self":[{"href":"https:\/\/gamedevday.hu\/en\/wp-json\/wp\/v2\/pages\/3134","targetHints":{"allow":["GET"]}}],"collection":[{"href":"https:\/\/gamedevday.hu\/en\/wp-json\/wp\/v2\/pages"}],"about":[{"href":"https:\/\/gamedevday.hu\/en\/wp-json\/wp\/v2\/types\/page"}],"author":[{"embeddable":true,"href":"https:\/\/gamedevday.hu\/en\/wp-json\/wp\/v2\/users\/1"}],"replies":[{"embeddable":true,"href":"https:\/\/gamedevday.hu\/en\/wp-json\/wp\/v2\/comments?post=3134"}],"version-history":[{"count":105,"href":"https:\/\/gamedevday.hu\/en\/wp-json\/wp\/v2\/pages\/3134\/revisions"}],"predecessor-version":[{"id":4034,"href":"https:\/\/gamedevday.hu\/en\/wp-json\/wp\/v2\/pages\/3134\/revisions\/4034"}],"wp:attachment":[{"href":"https:\/\/gamedevday.hu\/en\/wp-json\/wp\/v2\/media?parent=3134"}],"curies":[{"name":"wp","href":"https:\/\/api.w.org\/{rel}","templated":true}]}}